{"id":2908,"date":"2020-01-09T13:46:24","date_gmt":"2020-01-09T12:46:24","guid":{"rendered":"https:\/\/www.bimklaster.org.pl\/offer\/"},"modified":"2021-10-16T11:11:14","modified_gmt":"2021-10-16T09:11:14","slug":"offer","status":"publish","type":"page","link":"https:\/\/www.bimklaster.org.pl\/en\/offer\/","title":{"rendered":"Offer"},"content":{"rendered":"<div id=\"cs-content\" class=\"cs-content\"><\/div>\n","protected":false},"excerpt":{"rendered":"<p>W naszej ofercie znajdziecie: projekty w technologii BIM w zakresie architektury, konstrukcji, instalacji, projekty liniowe (drogi, koleje) opracowanie plan\u00f3w wdro\u017cenia technologii BIM opracowanie dokument\u00f3w BIM (BEP, EIR) tworzenie bibliotek BIM dla program\u00f3w (Revit, Archicad, Vectorworks, Sketchup) tworzenie bran\u017cowych opracowa\u0144 LOD (Level of Development) wdro\u017cenia technologii BIM (dla biur projektowych, Generalnych Wykonawc\u00f3w, firm zajmuj\u0105cych si\u0119 zarz\u0105dzaniem budow\u0105, inwestor\u00f3w zast\u0119pczych, instytucji publicznych) &#8230; <a href=\"https:\/\/www.bimklaster.org.pl\/en\/offer\/\" class=\"more-link\">Read More<\/a><\/p>\n","protected":false},"author":1,"featured_media":0,"parent":0,"menu_order":0,"comment_status":"closed","ping_status":"closed","template":"","meta":{"_acf_changed":false,"footnotes":""},"class_list":["post-2908","page","type-page","status-publish","hentry","no-post-thumbnail"],"acf":[],"yoast_head":"<!-- This site is optimized with the Yoast SEO plugin v26.8 - https:\/\/yoast.com\/product\/yoast-seo-wordpress\/ -->\n<title>Offer - BIM klaster<\/title>\n<meta name=\"robots\" content=\"index, follow, max-snippet:-1, max-image-preview:large, max-video-preview:-1\" \/>\n<link rel=\"canonical\" href=\"https:\/\/www.bimklaster.org.pl\/en\/offer\/\" \/>\n<meta property=\"og:locale\" content=\"en_US\" \/>\n<meta property=\"og:type\" content=\"article\" \/>\n<meta property=\"og:title\" content=\"Offer - BIM klaster\" \/>\n<meta property=\"og:description\" content=\"W naszej ofercie znajdziecie: projekty w technologii BIM w zakresie architektury, konstrukcji, instalacji, projekty liniowe (drogi, koleje) opracowanie plan\u00f3w wdro\u017cenia technologii BIM opracowanie dokument\u00f3w BIM (BEP, EIR) tworzenie bibliotek BIM dla program\u00f3w (Revit, Archicad, Vectorworks, Sketchup) tworzenie bran\u017cowych opracowa\u0144 LOD (Level of Development) wdro\u017cenia technologii BIM (dla biur projektowych, Generalnych Wykonawc\u00f3w, firm zajmuj\u0105cych si\u0119 zarz\u0105dzaniem budow\u0105, inwestor\u00f3w zast\u0119pczych, instytucji publicznych) ... Read More\" \/>\n<meta property=\"og:url\" content=\"https:\/\/www.bimklaster.org.pl\/en\/offer\/\" \/>\n<meta property=\"og:site_name\" content=\"BIM klaster\" \/>\n<meta property=\"article:modified_time\" content=\"2021-10-16T09:11:14+00:00\" \/>\n<meta property=\"og:image\" content=\"https:\/\/bimklaster.org.pl\/wp-content\/uploads\/2019\/08\/projektowanie_przyszlosci.png\" \/>\n<meta name=\"twitter:card\" content=\"summary_large_image\" \/>\n<meta name=\"twitter:label1\" content=\"Est. reading time\" \/>\n\t<meta name=\"twitter:data1\" content=\"8 minutes\" \/>\n<script type=\"application\/ld+json\" class=\"yoast-schema-graph\">{\"@context\":\"https:\/\/schema.org\",\"@graph\":[{\"@type\":\"WebPage\",\"@id\":\"https:\/\/www.bimklaster.org.pl\/en\/offer\/\",\"url\":\"https:\/\/www.bimklaster.org.pl\/en\/offer\/\",\"name\":\"Offer - BIM klaster\",\"isPartOf\":{\"@id\":\"https:\/\/www.bimklaster.org.pl\/#website\"},\"primaryImageOfPage\":{\"@id\":\"https:\/\/www.bimklaster.org.pl\/en\/offer\/#primaryimage\"},\"image\":{\"@id\":\"https:\/\/www.bimklaster.org.pl\/en\/offer\/#primaryimage\"},\"thumbnailUrl\":\"https:\/\/bimklaster.org.pl\/wp-content\/uploads\/2019\/08\/projektowanie_przyszlosci.png\",\"datePublished\":\"2020-01-09T12:46:24+00:00\",\"dateModified\":\"2021-10-16T09:11:14+00:00\",\"breadcrumb\":{\"@id\":\"https:\/\/www.bimklaster.org.pl\/en\/offer\/#breadcrumb\"},\"inLanguage\":\"en-US\",\"potentialAction\":[{\"@type\":\"ReadAction\",\"target\":[\"https:\/\/www.bimklaster.org.pl\/en\/offer\/\"]}]},{\"@type\":\"ImageObject\",\"inLanguage\":\"en-US\",\"@id\":\"https:\/\/www.bimklaster.org.pl\/en\/offer\/#primaryimage\",\"url\":\"https:\/\/bimklaster.org.pl\/wp-content\/uploads\/2019\/08\/projektowanie_przyszlosci.png\",\"contentUrl\":\"https:\/\/bimklaster.org.pl\/wp-content\/uploads\/2019\/08\/projektowanie_przyszlosci.png\"},{\"@type\":\"BreadcrumbList\",\"@id\":\"https:\/\/www.bimklaster.org.pl\/en\/offer\/#breadcrumb\",\"itemListElement\":[{\"@type\":\"ListItem\",\"position\":1,\"name\":\"Strona g\u0142\u00f3wna\",\"item\":\"https:\/\/www.bimklaster.org.pl\/en\/home-e\/\"},{\"@type\":\"ListItem\",\"position\":2,\"name\":\"Offer\"}]},{\"@type\":\"WebSite\",\"@id\":\"https:\/\/www.bimklaster.org.pl\/#website\",\"url\":\"https:\/\/www.bimklaster.org.pl\/\",\"name\":\"BIM klaster\",\"description\":\"Klaster Technologii Informacyjnych w Budownictwie to sie\u0107 powi\u0105za\u0144 kooperacyjnych promuj\u0105ca wykorzystanie innowacyjnych technologii w budownictwie.\",\"publisher\":{\"@id\":\"https:\/\/www.bimklaster.org.pl\/#organization\"},\"potentialAction\":[{\"@type\":\"SearchAction\",\"target\":{\"@type\":\"EntryPoint\",\"urlTemplate\":\"https:\/\/www.bimklaster.org.pl\/?s={search_term_string}\"},\"query-input\":{\"@type\":\"PropertyValueSpecification\",\"valueRequired\":true,\"valueName\":\"search_term_string\"}}],\"inLanguage\":\"en-US\"},{\"@type\":\"Organization\",\"@id\":\"https:\/\/www.bimklaster.org.pl\/#organization\",\"name\":\"BIM Klaster\",\"url\":\"https:\/\/www.bimklaster.org.pl\/\",\"logo\":{\"@type\":\"ImageObject\",\"inLanguage\":\"en-US\",\"@id\":\"https:\/\/www.bimklaster.org.pl\/#\/schema\/logo\/image\/\",\"url\":\"https:\/\/www.bimklaster.org.pl\/wp-content\/uploads\/2019\/08\/BIMklaster_logo.png\",\"contentUrl\":\"https:\/\/www.bimklaster.org.pl\/wp-content\/uploads\/2019\/08\/BIMklaster_logo.png\",\"width\":1250,\"height\":828,\"caption\":\"BIM Klaster\"},\"image\":{\"@id\":\"https:\/\/www.bimklaster.org.pl\/#\/schema\/logo\/image\/\"}}]}<\/script>\n<!-- \/ Yoast SEO plugin. -->","yoast_head_json":{"title":"Offer - BIM klaster","robots":{"index":"index","follow":"follow","max-snippet":"max-snippet:-1","max-image-preview":"max-image-preview:large","max-video-preview":"max-video-preview:-1"},"canonical":"https:\/\/www.bimklaster.org.pl\/en\/offer\/","og_locale":"en_US","og_type":"article","og_title":"Offer - BIM klaster","og_description":"W naszej ofercie znajdziecie: projekty w technologii BIM w zakresie architektury, konstrukcji, instalacji, projekty liniowe (drogi, koleje) opracowanie plan\u00f3w wdro\u017cenia technologii BIM opracowanie dokument\u00f3w BIM (BEP, EIR) tworzenie bibliotek BIM dla program\u00f3w (Revit, Archicad, Vectorworks, Sketchup) tworzenie bran\u017cowych opracowa\u0144 LOD (Level of Development) wdro\u017cenia technologii BIM (dla biur projektowych, Generalnych Wykonawc\u00f3w, firm zajmuj\u0105cych si\u0119 zarz\u0105dzaniem budow\u0105, inwestor\u00f3w zast\u0119pczych, instytucji publicznych) ... Read More","og_url":"https:\/\/www.bimklaster.org.pl\/en\/offer\/","og_site_name":"BIM klaster","article_modified_time":"2021-10-16T09:11:14+00:00","og_image":[{"url":"https:\/\/bimklaster.org.pl\/wp-content\/uploads\/2019\/08\/projektowanie_przyszlosci.png","type":"","width":"","height":""}],"twitter_card":"summary_large_image","twitter_misc":{"Est. reading time":"8 minutes"},"schema":{"@context":"https:\/\/schema.org","@graph":[{"@type":"WebPage","@id":"https:\/\/www.bimklaster.org.pl\/en\/offer\/","url":"https:\/\/www.bimklaster.org.pl\/en\/offer\/","name":"Offer - BIM klaster","isPartOf":{"@id":"https:\/\/www.bimklaster.org.pl\/#website"},"primaryImageOfPage":{"@id":"https:\/\/www.bimklaster.org.pl\/en\/offer\/#primaryimage"},"image":{"@id":"https:\/\/www.bimklaster.org.pl\/en\/offer\/#primaryimage"},"thumbnailUrl":"https:\/\/bimklaster.org.pl\/wp-content\/uploads\/2019\/08\/projektowanie_przyszlosci.png","datePublished":"2020-01-09T12:46:24+00:00","dateModified":"2021-10-16T09:11:14+00:00","breadcrumb":{"@id":"https:\/\/www.bimklaster.org.pl\/en\/offer\/#breadcrumb"},"inLanguage":"en-US","potentialAction":[{"@type":"ReadAction","target":["https:\/\/www.bimklaster.org.pl\/en\/offer\/"]}]},{"@type":"ImageObject","inLanguage":"en-US","@id":"https:\/\/www.bimklaster.org.pl\/en\/offer\/#primaryimage","url":"https:\/\/bimklaster.org.pl\/wp-content\/uploads\/2019\/08\/projektowanie_przyszlosci.png","contentUrl":"https:\/\/bimklaster.org.pl\/wp-content\/uploads\/2019\/08\/projektowanie_przyszlosci.png"},{"@type":"BreadcrumbList","@id":"https:\/\/www.bimklaster.org.pl\/en\/offer\/#breadcrumb","itemListElement":[{"@type":"ListItem","position":1,"name":"Strona g\u0142\u00f3wna","item":"https:\/\/www.bimklaster.org.pl\/en\/home-e\/"},{"@type":"ListItem","position":2,"name":"Offer"}]},{"@type":"WebSite","@id":"https:\/\/www.bimklaster.org.pl\/#website","url":"https:\/\/www.bimklaster.org.pl\/","name":"BIM klaster","description":"Klaster Technologii Informacyjnych w Budownictwie to sie\u0107 powi\u0105za\u0144 kooperacyjnych promuj\u0105ca wykorzystanie innowacyjnych technologii w budownictwie.","publisher":{"@id":"https:\/\/www.bimklaster.org.pl\/#organization"},"potentialAction":[{"@type":"SearchAction","target":{"@type":"EntryPoint","urlTemplate":"https:\/\/www.bimklaster.org.pl\/?s={search_term_string}"},"query-input":{"@type":"PropertyValueSpecification","valueRequired":true,"valueName":"search_term_string"}}],"inLanguage":"en-US"},{"@type":"Organization","@id":"https:\/\/www.bimklaster.org.pl\/#organization","name":"BIM Klaster","url":"https:\/\/www.bimklaster.org.pl\/","logo":{"@type":"ImageObject","inLanguage":"en-US","@id":"https:\/\/www.bimklaster.org.pl\/#\/schema\/logo\/image\/","url":"https:\/\/www.bimklaster.org.pl\/wp-content\/uploads\/2019\/08\/BIMklaster_logo.png","contentUrl":"https:\/\/www.bimklaster.org.pl\/wp-content\/uploads\/2019\/08\/BIMklaster_logo.png","width":1250,"height":828,"caption":"BIM Klaster"},"image":{"@id":"https:\/\/www.bimklaster.org.pl\/#\/schema\/logo\/image\/"}}]}},"_links":{"self":[{"href":"https:\/\/www.bimklaster.org.pl\/en\/wp-json\/wp\/v2\/pages\/2908","targetHints":{"allow":["GET"]}}],"collection":[{"href":"https:\/\/www.bimklaster.org.pl\/en\/wp-json\/wp\/v2\/pages"}],"about":[{"href":"https:\/\/www.bimklaster.org.pl\/en\/wp-json\/wp\/v2\/types\/page"}],"author":[{"embeddable":true,"href":"https:\/\/www.bimklaster.org.pl\/en\/wp-json\/wp\/v2\/users\/1"}],"replies":[{"embeddable":true,"href":"https:\/\/www.bimklaster.org.pl\/en\/wp-json\/wp\/v2\/comments?post=2908"}],"version-history":[{"count":0,"href":"https:\/\/www.bimklaster.org.pl\/en\/wp-json\/wp\/v2\/pages\/2908\/revisions"}],"wp:attachment":[{"href":"https:\/\/www.bimklaster.org.pl\/en\/wp-json\/wp\/v2\/media?parent=2908"}],"curies":[{"name":"wp","href":"https:\/\/api.w.org\/{rel}","templated":true}]}}