{"id":3008,"date":"2020-01-10T10:43:27","date_gmt":"2020-01-10T09:43:27","guid":{"rendered":"https:\/\/www.bimklaster.org.pl\/training-centre\/"},"modified":"2021-11-15T13:28:50","modified_gmt":"2021-11-15T12:28:50","slug":"training-centre","status":"publish","type":"page","link":"https:\/\/www.bimklaster.org.pl\/en\/training-centre\/","title":{"rendered":"Training centre"},"content":{"rendered":"<div id=\"cs-content\" class=\"cs-content\"><\/div>\n","protected":false},"excerpt":{"rendered":"<p>Let us invite you to the implementation of your training projects together with BIM Klaster. We will jointly define the purposes and statements of your project. We will jointly decide which of the items are of key importance to you and which should be given the highest attention. All the elements of a training project will be created from the &#8230; <a href=\"https:\/\/www.bimklaster.org.pl\/en\/training-centre\/\" class=\"more-link\">Read More<\/a><\/p>\n","protected":false},"author":1,"featured_media":0,"parent":0,"menu_order":0,"comment_status":"closed","ping_status":"closed","template":"template-blank-1.php","meta":{"_acf_changed":false,"footnotes":""},"class_list":["post-3008","page","type-page","status-publish","hentry","no-post-thumbnail"],"acf":[],"yoast_head":"<!-- This site is optimized with the Yoast SEO plugin v26.8 - https:\/\/yoast.com\/product\/yoast-seo-wordpress\/ -->\n<title>Training centre - BIM klaster<\/title>\n<meta name=\"robots\" content=\"index, follow, max-snippet:-1, max-image-preview:large, max-video-preview:-1\" \/>\n<link rel=\"canonical\" href=\"https:\/\/www.bimklaster.org.pl\/en\/training-centre\/\" \/>\n<meta property=\"og:locale\" content=\"en_US\" \/>\n<meta property=\"og:type\" content=\"article\" \/>\n<meta property=\"og:title\" content=\"Training centre - BIM klaster\" \/>\n<meta property=\"og:description\" content=\"Let us invite you to the implementation of your training projects together with BIM Klaster. We will jointly define the purposes and statements of your project. We will jointly decide which of the items are of key importance to you and which should be given the highest attention. All the elements of a training project will be created from the ... Read More\" \/>\n<meta property=\"og:url\" content=\"https:\/\/www.bimklaster.org.pl\/en\/training-centre\/\" \/>\n<meta property=\"og:site_name\" content=\"BIM klaster\" \/>\n<meta property=\"article:modified_time\" content=\"2021-11-15T12:28:50+00:00\" \/>\n<meta name=\"twitter:card\" content=\"summary_large_image\" \/>\n<meta name=\"twitter:label1\" content=\"Est. reading time\" \/>\n\t<meta name=\"twitter:data1\" content=\"4 minutes\" \/>\n<script type=\"application\/ld+json\" class=\"yoast-schema-graph\">{\"@context\":\"https:\/\/schema.org\",\"@graph\":[{\"@type\":\"WebPage\",\"@id\":\"https:\/\/www.bimklaster.org.pl\/en\/training-centre\/\",\"url\":\"https:\/\/www.bimklaster.org.pl\/en\/training-centre\/\",\"name\":\"Training centre - BIM klaster\",\"isPartOf\":{\"@id\":\"https:\/\/www.bimklaster.org.pl\/#website\"},\"datePublished\":\"2020-01-10T09:43:27+00:00\",\"dateModified\":\"2021-11-15T12:28:50+00:00\",\"breadcrumb\":{\"@id\":\"https:\/\/www.bimklaster.org.pl\/en\/training-centre\/#breadcrumb\"},\"inLanguage\":\"en-US\",\"potentialAction\":[{\"@type\":\"ReadAction\",\"target\":[\"https:\/\/www.bimklaster.org.pl\/en\/training-centre\/\"]}]},{\"@type\":\"BreadcrumbList\",\"@id\":\"https:\/\/www.bimklaster.org.pl\/en\/training-centre\/#breadcrumb\",\"itemListElement\":[{\"@type\":\"ListItem\",\"position\":1,\"name\":\"Strona g\u0142\u00f3wna\",\"item\":\"https:\/\/www.bimklaster.org.pl\/en\/home-e\/\"},{\"@type\":\"ListItem\",\"position\":2,\"name\":\"Training centre\"}]},{\"@type\":\"WebSite\",\"@id\":\"https:\/\/www.bimklaster.org.pl\/#website\",\"url\":\"https:\/\/www.bimklaster.org.pl\/\",\"name\":\"BIM klaster\",\"description\":\"Klaster Technologii Informacyjnych w Budownictwie to sie\u0107 powi\u0105za\u0144 kooperacyjnych promuj\u0105ca wykorzystanie innowacyjnych technologii w budownictwie.\",\"publisher\":{\"@id\":\"https:\/\/www.bimklaster.org.pl\/#organization\"},\"potentialAction\":[{\"@type\":\"SearchAction\",\"target\":{\"@type\":\"EntryPoint\",\"urlTemplate\":\"https:\/\/www.bimklaster.org.pl\/?s={search_term_string}\"},\"query-input\":{\"@type\":\"PropertyValueSpecification\",\"valueRequired\":true,\"valueName\":\"search_term_string\"}}],\"inLanguage\":\"en-US\"},{\"@type\":\"Organization\",\"@id\":\"https:\/\/www.bimklaster.org.pl\/#organization\",\"name\":\"BIM Klaster\",\"url\":\"https:\/\/www.bimklaster.org.pl\/\",\"logo\":{\"@type\":\"ImageObject\",\"inLanguage\":\"en-US\",\"@id\":\"https:\/\/www.bimklaster.org.pl\/#\/schema\/logo\/image\/\",\"url\":\"https:\/\/www.bimklaster.org.pl\/wp-content\/uploads\/2019\/08\/BIMklaster_logo.png\",\"contentUrl\":\"https:\/\/www.bimklaster.org.pl\/wp-content\/uploads\/2019\/08\/BIMklaster_logo.png\",\"width\":1250,\"height\":828,\"caption\":\"BIM Klaster\"},\"image\":{\"@id\":\"https:\/\/www.bimklaster.org.pl\/#\/schema\/logo\/image\/\"}}]}<\/script>\n<!-- \/ Yoast SEO plugin. -->","yoast_head_json":{"title":"Training centre - BIM klaster","robots":{"index":"index","follow":"follow","max-snippet":"max-snippet:-1","max-image-preview":"max-image-preview:large","max-video-preview":"max-video-preview:-1"},"canonical":"https:\/\/www.bimklaster.org.pl\/en\/training-centre\/","og_locale":"en_US","og_type":"article","og_title":"Training centre - BIM klaster","og_description":"Let us invite you to the implementation of your training projects together with BIM Klaster. We will jointly define the purposes and statements of your project. We will jointly decide which of the items are of key importance to you and which should be given the highest attention. All the elements of a training project will be created from the ... Read More","og_url":"https:\/\/www.bimklaster.org.pl\/en\/training-centre\/","og_site_name":"BIM klaster","article_modified_time":"2021-11-15T12:28:50+00:00","twitter_card":"summary_large_image","twitter_misc":{"Est. reading time":"4 minutes"},"schema":{"@context":"https:\/\/schema.org","@graph":[{"@type":"WebPage","@id":"https:\/\/www.bimklaster.org.pl\/en\/training-centre\/","url":"https:\/\/www.bimklaster.org.pl\/en\/training-centre\/","name":"Training centre - BIM klaster","isPartOf":{"@id":"https:\/\/www.bimklaster.org.pl\/#website"},"datePublished":"2020-01-10T09:43:27+00:00","dateModified":"2021-11-15T12:28:50+00:00","breadcrumb":{"@id":"https:\/\/www.bimklaster.org.pl\/en\/training-centre\/#breadcrumb"},"inLanguage":"en-US","potentialAction":[{"@type":"ReadAction","target":["https:\/\/www.bimklaster.org.pl\/en\/training-centre\/"]}]},{"@type":"BreadcrumbList","@id":"https:\/\/www.bimklaster.org.pl\/en\/training-centre\/#breadcrumb","itemListElement":[{"@type":"ListItem","position":1,"name":"Strona g\u0142\u00f3wna","item":"https:\/\/www.bimklaster.org.pl\/en\/home-e\/"},{"@type":"ListItem","position":2,"name":"Training centre"}]},{"@type":"WebSite","@id":"https:\/\/www.bimklaster.org.pl\/#website","url":"https:\/\/www.bimklaster.org.pl\/","name":"BIM klaster","description":"Klaster Technologii Informacyjnych w Budownictwie to sie\u0107 powi\u0105za\u0144 kooperacyjnych promuj\u0105ca wykorzystanie innowacyjnych technologii w budownictwie.","publisher":{"@id":"https:\/\/www.bimklaster.org.pl\/#organization"},"potentialAction":[{"@type":"SearchAction","target":{"@type":"EntryPoint","urlTemplate":"https:\/\/www.bimklaster.org.pl\/?s={search_term_string}"},"query-input":{"@type":"PropertyValueSpecification","valueRequired":true,"valueName":"search_term_string"}}],"inLanguage":"en-US"},{"@type":"Organization","@id":"https:\/\/www.bimklaster.org.pl\/#organization","name":"BIM Klaster","url":"https:\/\/www.bimklaster.org.pl\/","logo":{"@type":"ImageObject","inLanguage":"en-US","@id":"https:\/\/www.bimklaster.org.pl\/#\/schema\/logo\/image\/","url":"https:\/\/www.bimklaster.org.pl\/wp-content\/uploads\/2019\/08\/BIMklaster_logo.png","contentUrl":"https:\/\/www.bimklaster.org.pl\/wp-content\/uploads\/2019\/08\/BIMklaster_logo.png","width":1250,"height":828,"caption":"BIM Klaster"},"image":{"@id":"https:\/\/www.bimklaster.org.pl\/#\/schema\/logo\/image\/"}}]}},"_links":{"self":[{"href":"https:\/\/www.bimklaster.org.pl\/en\/wp-json\/wp\/v2\/pages\/3008","targetHints":{"allow":["GET"]}}],"collection":[{"href":"https:\/\/www.bimklaster.org.pl\/en\/wp-json\/wp\/v2\/pages"}],"about":[{"href":"https:\/\/www.bimklaster.org.pl\/en\/wp-json\/wp\/v2\/types\/page"}],"author":[{"embeddable":true,"href":"https:\/\/www.bimklaster.org.pl\/en\/wp-json\/wp\/v2\/users\/1"}],"replies":[{"embeddable":true,"href":"https:\/\/www.bimklaster.org.pl\/en\/wp-json\/wp\/v2\/comments?post=3008"}],"version-history":[{"count":0,"href":"https:\/\/www.bimklaster.org.pl\/en\/wp-json\/wp\/v2\/pages\/3008\/revisions"}],"wp:attachment":[{"href":"https:\/\/www.bimklaster.org.pl\/en\/wp-json\/wp\/v2\/media?parent=3008"}],"curies":[{"name":"wp","href":"https:\/\/api.w.org\/{rel}","templated":true}]}}