{"id":7895,"date":"2026-04-16T15:49:50","date_gmt":"2026-04-16T13:49:50","guid":{"rendered":"https:\/\/www.bimklaster.org.pl\/zarzad-new-angielski\/"},"modified":"2026-04-17T15:05:23","modified_gmt":"2026-04-17T13:05:23","slug":"management","status":"publish","type":"page","link":"https:\/\/www.bimklaster.org.pl\/en\/management\/","title":{"rendered":"Management"},"content":{"rendered":"<div id=\"cs-content\" class=\"cs-content\"><\/div>\n","protected":false},"excerpt":{"rendered":"<p>Katarzyna Orli\u0144ska-Dejer President of the Management BoardGraduate of the Cracow University of Technology and the Cracow University of Economics. An expert in the digitalization of the construction industry with many years of experience in implementing BIM (Building Information Modeling) methodology and standardizing design and investment processes. For years, she has been involved in the ICT sector, focusing on the development &#8230; <a href=\"https:\/\/www.bimklaster.org.pl\/en\/management\/\" class=\"more-link\">Read More<\/a><\/p>\n","protected":false},"author":1,"featured_media":0,"parent":0,"menu_order":0,"comment_status":"closed","ping_status":"closed","template":"","meta":{"_acf_changed":false,"footnotes":""},"class_list":["post-7895","page","type-page","status-publish","hentry","no-post-thumbnail"],"acf":[],"yoast_head":"<!-- This site is optimized with the Yoast SEO plugin v27.3 - https:\/\/yoast.com\/product\/yoast-seo-wordpress\/ -->\n<title>Management - BIM klaster<\/title>\n<meta name=\"robots\" content=\"index, follow, max-snippet:-1, max-image-preview:large, max-video-preview:-1\" \/>\n<link rel=\"canonical\" href=\"https:\/\/www.bimklaster.org.pl\/en\/management\/\" \/>\n<meta property=\"og:locale\" content=\"en_US\" \/>\n<meta property=\"og:type\" content=\"article\" \/>\n<meta property=\"og:title\" content=\"Management - BIM klaster\" \/>\n<meta property=\"og:description\" content=\"Katarzyna Orli\u0144ska-Dejer President of the Management BoardGraduate of the Cracow University of Technology and the Cracow University of Economics. An expert in the digitalization of the construction industry with many years of experience in implementing BIM (Building Information Modeling) methodology and standardizing design and investment processes. For years, she has been involved in the ICT sector, focusing on the development ... Read More\" \/>\n<meta property=\"og:url\" content=\"https:\/\/www.bimklaster.org.pl\/en\/management\/\" \/>\n<meta property=\"og:site_name\" content=\"BIM klaster\" \/>\n<meta property=\"article:modified_time\" content=\"2026-04-17T13:05:23+00:00\" \/>\n<meta name=\"twitter:card\" content=\"summary_large_image\" \/>\n<meta name=\"twitter:label1\" content=\"Est. reading time\" \/>\n\t<meta name=\"twitter:data1\" content=\"5 minutes\" \/>\n<script type=\"application\/ld+json\" class=\"yoast-schema-graph\">{\"@context\":\"https:\\\/\\\/schema.org\",\"@graph\":[{\"@type\":\"WebPage\",\"@id\":\"https:\\\/\\\/www.bimklaster.org.pl\\\/en\\\/management\\\/\",\"url\":\"https:\\\/\\\/www.bimklaster.org.pl\\\/en\\\/management\\\/\",\"name\":\"Management - BIM klaster\",\"isPartOf\":{\"@id\":\"https:\\\/\\\/www.bimklaster.org.pl\\\/#website\"},\"datePublished\":\"2026-04-16T13:49:50+00:00\",\"dateModified\":\"2026-04-17T13:05:23+00:00\",\"breadcrumb\":{\"@id\":\"https:\\\/\\\/www.bimklaster.org.pl\\\/en\\\/management\\\/#breadcrumb\"},\"inLanguage\":\"en-US\",\"potentialAction\":[{\"@type\":\"ReadAction\",\"target\":[\"https:\\\/\\\/www.bimklaster.org.pl\\\/en\\\/management\\\/\"]}]},{\"@type\":\"BreadcrumbList\",\"@id\":\"https:\\\/\\\/www.bimklaster.org.pl\\\/en\\\/management\\\/#breadcrumb\",\"itemListElement\":[{\"@type\":\"ListItem\",\"position\":1,\"name\":\"Strona g\u0142\u00f3wna\",\"item\":\"https:\\\/\\\/www.bimklaster.org.pl\\\/en\\\/home-e\\\/\"},{\"@type\":\"ListItem\",\"position\":2,\"name\":\"Management\"}]},{\"@type\":\"WebSite\",\"@id\":\"https:\\\/\\\/www.bimklaster.org.pl\\\/#website\",\"url\":\"https:\\\/\\\/www.bimklaster.org.pl\\\/\",\"name\":\"BIM klaster\",\"description\":\"Klaster Technologii Informacyjnych w Budownictwie to sie\u0107 powi\u0105za\u0144 kooperacyjnych promuj\u0105ca wykorzystanie innowacyjnych technologii w budownictwie.\",\"publisher\":{\"@id\":\"https:\\\/\\\/www.bimklaster.org.pl\\\/#organization\"},\"potentialAction\":[{\"@type\":\"SearchAction\",\"target\":{\"@type\":\"EntryPoint\",\"urlTemplate\":\"https:\\\/\\\/www.bimklaster.org.pl\\\/?s={search_term_string}\"},\"query-input\":{\"@type\":\"PropertyValueSpecification\",\"valueRequired\":true,\"valueName\":\"search_term_string\"}}],\"inLanguage\":\"en-US\"},{\"@type\":\"Organization\",\"@id\":\"https:\\\/\\\/www.bimklaster.org.pl\\\/#organization\",\"name\":\"BIM Klaster\",\"url\":\"https:\\\/\\\/www.bimklaster.org.pl\\\/\",\"logo\":{\"@type\":\"ImageObject\",\"inLanguage\":\"en-US\",\"@id\":\"https:\\\/\\\/www.bimklaster.org.pl\\\/#\\\/schema\\\/logo\\\/image\\\/\",\"url\":\"https:\\\/\\\/www.bimklaster.org.pl\\\/wp-content\\\/uploads\\\/2019\\\/08\\\/BIMklaster_logo.png\",\"contentUrl\":\"https:\\\/\\\/www.bimklaster.org.pl\\\/wp-content\\\/uploads\\\/2019\\\/08\\\/BIMklaster_logo.png\",\"width\":1250,\"height\":828,\"caption\":\"BIM Klaster\"},\"image\":{\"@id\":\"https:\\\/\\\/www.bimklaster.org.pl\\\/#\\\/schema\\\/logo\\\/image\\\/\"}}]}<\/script>\n<!-- \/ Yoast SEO plugin. -->","yoast_head_json":{"title":"Management - BIM klaster","robots":{"index":"index","follow":"follow","max-snippet":"max-snippet:-1","max-image-preview":"max-image-preview:large","max-video-preview":"max-video-preview:-1"},"canonical":"https:\/\/www.bimklaster.org.pl\/en\/management\/","og_locale":"en_US","og_type":"article","og_title":"Management - BIM klaster","og_description":"Katarzyna Orli\u0144ska-Dejer President of the Management BoardGraduate of the Cracow University of Technology and the Cracow University of Economics. An expert in the digitalization of the construction industry with many years of experience in implementing BIM (Building Information Modeling) methodology and standardizing design and investment processes. For years, she has been involved in the ICT sector, focusing on the development ... Read More","og_url":"https:\/\/www.bimklaster.org.pl\/en\/management\/","og_site_name":"BIM klaster","article_modified_time":"2026-04-17T13:05:23+00:00","twitter_card":"summary_large_image","twitter_misc":{"Est. reading time":"5 minutes"},"schema":{"@context":"https:\/\/schema.org","@graph":[{"@type":"WebPage","@id":"https:\/\/www.bimklaster.org.pl\/en\/management\/","url":"https:\/\/www.bimklaster.org.pl\/en\/management\/","name":"Management - BIM klaster","isPartOf":{"@id":"https:\/\/www.bimklaster.org.pl\/#website"},"datePublished":"2026-04-16T13:49:50+00:00","dateModified":"2026-04-17T13:05:23+00:00","breadcrumb":{"@id":"https:\/\/www.bimklaster.org.pl\/en\/management\/#breadcrumb"},"inLanguage":"en-US","potentialAction":[{"@type":"ReadAction","target":["https:\/\/www.bimklaster.org.pl\/en\/management\/"]}]},{"@type":"BreadcrumbList","@id":"https:\/\/www.bimklaster.org.pl\/en\/management\/#breadcrumb","itemListElement":[{"@type":"ListItem","position":1,"name":"Strona g\u0142\u00f3wna","item":"https:\/\/www.bimklaster.org.pl\/en\/home-e\/"},{"@type":"ListItem","position":2,"name":"Management"}]},{"@type":"WebSite","@id":"https:\/\/www.bimklaster.org.pl\/#website","url":"https:\/\/www.bimklaster.org.pl\/","name":"BIM klaster","description":"Klaster Technologii Informacyjnych w Budownictwie to sie\u0107 powi\u0105za\u0144 kooperacyjnych promuj\u0105ca wykorzystanie innowacyjnych technologii w budownictwie.","publisher":{"@id":"https:\/\/www.bimklaster.org.pl\/#organization"},"potentialAction":[{"@type":"SearchAction","target":{"@type":"EntryPoint","urlTemplate":"https:\/\/www.bimklaster.org.pl\/?s={search_term_string}"},"query-input":{"@type":"PropertyValueSpecification","valueRequired":true,"valueName":"search_term_string"}}],"inLanguage":"en-US"},{"@type":"Organization","@id":"https:\/\/www.bimklaster.org.pl\/#organization","name":"BIM Klaster","url":"https:\/\/www.bimklaster.org.pl\/","logo":{"@type":"ImageObject","inLanguage":"en-US","@id":"https:\/\/www.bimklaster.org.pl\/#\/schema\/logo\/image\/","url":"https:\/\/www.bimklaster.org.pl\/wp-content\/uploads\/2019\/08\/BIMklaster_logo.png","contentUrl":"https:\/\/www.bimklaster.org.pl\/wp-content\/uploads\/2019\/08\/BIMklaster_logo.png","width":1250,"height":828,"caption":"BIM Klaster"},"image":{"@id":"https:\/\/www.bimklaster.org.pl\/#\/schema\/logo\/image\/"}}]}},"_links":{"self":[{"href":"https:\/\/www.bimklaster.org.pl\/en\/wp-json\/wp\/v2\/pages\/7895","targetHints":{"allow":["GET"]}}],"collection":[{"href":"https:\/\/www.bimklaster.org.pl\/en\/wp-json\/wp\/v2\/pages"}],"about":[{"href":"https:\/\/www.bimklaster.org.pl\/en\/wp-json\/wp\/v2\/types\/page"}],"author":[{"embeddable":true,"href":"https:\/\/www.bimklaster.org.pl\/en\/wp-json\/wp\/v2\/users\/1"}],"replies":[{"embeddable":true,"href":"https:\/\/www.bimklaster.org.pl\/en\/wp-json\/wp\/v2\/comments?post=7895"}],"version-history":[{"count":26,"href":"https:\/\/www.bimklaster.org.pl\/en\/wp-json\/wp\/v2\/pages\/7895\/revisions"}],"predecessor-version":[{"id":7926,"href":"https:\/\/www.bimklaster.org.pl\/en\/wp-json\/wp\/v2\/pages\/7895\/revisions\/7926"}],"wp:attachment":[{"href":"https:\/\/www.bimklaster.org.pl\/en\/wp-json\/wp\/v2\/media?parent=7895"}],"curies":[{"name":"wp","href":"https:\/\/api.w.org\/{rel}","templated":true}]}}